{"id":10,"date":"2016-03-08T16:15:32","date_gmt":"2016-03-08T16:15:32","guid":{"rendered":"http:\/\/lmbrothers.com.br\/site\/?page_id=10"},"modified":"2018-01-08T02:34:37","modified_gmt":"2018-01-08T02:34:37","slug":"cortinas-de-hospitales","status":"publish","type":"page","link":"https:\/\/lmbrothers.com.br\/es\/cortinas-de-hospitales\/","title":{"rendered":"Cortinas de Hospitales"},"content":{"rendered":"<div id=\"pl-10\"  class=\"panel-layout\" ><div id=\"pg-10-0\"  class=\"panel-grid panel-no-style\" ><div id=\"pgc-10-0-0\"  class=\"panel-grid-cell\" ><div id=\"panel-10-0-0-0\" class=\"so-panel widget widget_sow-editor panel-first-child panel-last-child\" data-index=\"0\" ><div class=\"panel-widget-style panel-widget-style-for-10-0-0-0\" ><div\n\t\t\t\n\t\t\tclass=\"so-widget-sow-editor so-widget-sow-editor-base\"\n\t\t\t\n\t\t>\n<div class=\"siteorigin-widget-tinymce textwidget\">\n\t<h1 class=\"titulo\" style=\"margin: 0px; text-align: left;\">Cortinas de Hospitales<\/h1>\n<\/div>\n<\/div><\/div><\/div><\/div><\/div><div id=\"pg-10-1\"  class=\"panel-grid panel-no-style\" ><div id=\"pgc-10-1-0\"  class=\"panel-grid-cell\" ><div id=\"panel-10-1-0-0\" class=\"so-panel widget widget_sow-editor panel-first-child\" data-index=\"1\" ><div class=\"panel-widget-style panel-widget-style-for-10-1-0-0\" ><div\n\t\t\t\n\t\t\tclass=\"so-widget-sow-editor so-widget-sow-editor-base\"\n\t\t\t\n\t\t>\n<div class=\"siteorigin-widget-tinymce textwidget\">\n\t<p><a href=\"http:\/\/lmbrothers.com.br\/es\/cortinas-de-hospitales\/cortinas-de-particion-de-cama-hospitalaria\/\"><img loading=\"lazy\" decoding=\"async\" class=\"aligncenter size-full wp-image-684\" src=\"http:\/\/lmbrothers.com.br\/es\/wp-content\/uploads\/2018\/01\/cortinas_de_hospitales_01.jpg\" alt=\"\" width=\"400\" height=\"250\" data-id=\"684\" srcset=\"https:\/\/lmbrothers.com.br\/es\/wp-content\/uploads\/2018\/01\/cortinas_de_hospitales_01.jpg 400w, https:\/\/lmbrothers.com.br\/es\/wp-content\/uploads\/2018\/01\/cortinas_de_hospitales_01-300x188.jpg 300w, https:\/\/lmbrothers.com.br\/es\/wp-content\/uploads\/2018\/01\/cortinas_de_hospitales_01-150x94.jpg 150w\" sizes=\"(max-width: 400px) 100vw, 400px\" \/><\/a><\/p>\n<h4>Cortina de partici\u00f3n de cama hospitalaria<\/h4>\n<p style=\"text-align: left;\">Se confeccionan sin enmiendas, con tratamiento antibacteriano y antif\u00fangico que inhiben el desarrollo de hongos y bacterias.<\/p>\n<\/div>\n<\/div><\/div><\/div><div id=\"panel-10-1-0-1\" class=\"so-panel widget widget_sow-editor panel-last-child\" data-index=\"2\" ><div\n\t\t\t\n\t\t\tclass=\"so-widget-sow-editor so-widget-sow-editor-base\"\n\t\t\t\n\t\t>\n<div class=\"siteorigin-widget-tinymce textwidget\">\n\t<p style=\"text-align: left;\"><a class=\"hvr-bounce-to-right\" href=\"http:\/\/lmbrothers.com.br\/es\/cortinas-de-hospital\/cortinas-de-particion-de-cama-hospitalaria\/\">sabe m\u00e1s<\/a><\/p>\n<\/div>\n<\/div><\/div><\/div><div id=\"pgc-10-1-1\"  class=\"panel-grid-cell\" ><div id=\"panel-10-1-1-0\" class=\"so-panel widget widget_sow-editor panel-first-child\" data-index=\"3\" ><div class=\"panel-widget-style panel-widget-style-for-10-1-1-0\" ><div\n\t\t\t\n\t\t\tclass=\"so-widget-sow-editor so-widget-sow-editor-base\"\n\t\t\t\n\t\t>\n<div class=\"siteorigin-widget-tinymce textwidget\">\n\t<p><a href=\"http:\/\/lmbrothers.com.br\/es\/cortinas-de-hospitales\/cortinas-para-bano-de-hospital\/\"><img loading=\"lazy\" decoding=\"async\" class=\"aligncenter size-full wp-image-685\" src=\"http:\/\/lmbrothers.com.br\/es\/wp-content\/uploads\/2018\/01\/cortinas_de_hospitales_02.jpg\" alt=\"\" width=\"400\" height=\"250\" data-id=\"685\" srcset=\"https:\/\/lmbrothers.com.br\/es\/wp-content\/uploads\/2018\/01\/cortinas_de_hospitales_02.jpg 400w, https:\/\/lmbrothers.com.br\/es\/wp-content\/uploads\/2018\/01\/cortinas_de_hospitales_02-300x188.jpg 300w, https:\/\/lmbrothers.com.br\/es\/wp-content\/uploads\/2018\/01\/cortinas_de_hospitales_02-150x94.jpg 150w\" sizes=\"(max-width: 400px) 100vw, 400px\" \/><\/a><\/p>\n<h4>Cortina para ba\u00f1o de hospital<\/h4>\n<p style=\"text-align: left;\">Desarrolladas para garantizar total privacidad, est\u00e9tica y durabilidad en un ambiente de alta humedad y rotaci\u00f3n de personas.<\/p>\n<\/div>\n<\/div><\/div><\/div><div id=\"panel-10-1-1-1\" class=\"so-panel widget widget_sow-editor panel-last-child\" data-index=\"4\" ><div\n\t\t\t\n\t\t\tclass=\"so-widget-sow-editor so-widget-sow-editor-base\"\n\t\t\t\n\t\t>\n<div class=\"siteorigin-widget-tinymce textwidget\">\n\t<p style=\"text-align: left;\"><a class=\"hvr-bounce-to-right\" href=\"http:\/\/lmbrothers.com.br\/es\/cortinas-de-hospital\/cortinas-para-bano-de-hospital\/\">sabe m\u00e1s<\/a><\/p>\n<\/div>\n<\/div><\/div><\/div><div id=\"pgc-10-1-2\"  class=\"panel-grid-cell\" ><div id=\"panel-10-1-2-0\" class=\"so-panel widget widget_sow-editor panel-first-child\" data-index=\"5\" ><div class=\"panel-widget-style panel-widget-style-for-10-1-2-0\" ><div\n\t\t\t\n\t\t\tclass=\"so-widget-sow-editor so-widget-sow-editor-base\"\n\t\t\t\n\t\t>\n<div class=\"siteorigin-widget-tinymce textwidget\">\n\t<p><a href=\"http:\/\/lmbrothers.com.br\/es\/cortinas-de-hospitales\/cortinas-para-ventanas-de-hospital\/\"><img loading=\"lazy\" decoding=\"async\" class=\"aligncenter size-full wp-image-686\" src=\"http:\/\/lmbrothers.com.br\/es\/wp-content\/uploads\/2018\/01\/cortinas_de_hospitales_03.jpg\" alt=\"\" width=\"400\" height=\"250\" data-id=\"686\" srcset=\"https:\/\/lmbrothers.com.br\/es\/wp-content\/uploads\/2018\/01\/cortinas_de_hospitales_03.jpg 400w, https:\/\/lmbrothers.com.br\/es\/wp-content\/uploads\/2018\/01\/cortinas_de_hospitales_03-300x188.jpg 300w, https:\/\/lmbrothers.com.br\/es\/wp-content\/uploads\/2018\/01\/cortinas_de_hospitales_03-150x94.jpg 150w\" sizes=\"(max-width: 400px) 100vw, 400px\" \/><\/a><\/p>\n<h4>Cortina para ventana de hospital<\/h4>\n<p style=\"text-align: left;\">Impide el traspaso de rayos solares sin dejar el ambiente oscuro, proporcionando confort al paciente y reducci\u00f3n en el consumo de luz y energ\u00eda.<\/p>\n<\/div>\n<\/div><\/div><\/div><div id=\"panel-10-1-2-1\" class=\"so-panel widget widget_sow-editor panel-last-child\" data-index=\"6\" ><div\n\t\t\t\n\t\t\tclass=\"so-widget-sow-editor so-widget-sow-editor-base\"\n\t\t\t\n\t\t>\n<div class=\"siteorigin-widget-tinymce textwidget\">\n\t<p style=\"text-align: left;\"><a class=\"hvr-bounce-to-right\" href=\"http:\/\/lmbrothers.com.br\/es\/cortinas-de-hospital\/cortinas-para-ventanas-de-hospital\/\">sabe m\u00e1s<\/a><\/p>\n<\/div>\n<\/div><\/div><\/div><div id=\"pgc-10-1-3\"  class=\"panel-grid-cell\" ><div id=\"panel-10-1-3-0\" class=\"so-panel widget widget_sow-editor panel-first-child\" data-index=\"7\" ><div class=\"panel-widget-style panel-widget-style-for-10-1-3-0\" ><div\n\t\t\t\n\t\t\tclass=\"so-widget-sow-editor so-widget-sow-editor-base\"\n\t\t\t\n\t\t>\n<div class=\"siteorigin-widget-tinymce textwidget\">\n\t<p><a href=\"http:\/\/lmbrothers.com.br\/es\/cortinas-de-hospitales\/cortinas-para-salas-de-rayo-x-y-vestuarios\/\"><img loading=\"lazy\" decoding=\"async\" class=\"aligncenter size-full wp-image-687\" src=\"http:\/\/lmbrothers.com.br\/es\/wp-content\/uploads\/2018\/01\/cortinas_de_hospitales_04.jpg\" alt=\"\" width=\"400\" height=\"250\" data-id=\"687\" srcset=\"https:\/\/lmbrothers.com.br\/es\/wp-content\/uploads\/2018\/01\/cortinas_de_hospitales_04.jpg 400w, https:\/\/lmbrothers.com.br\/es\/wp-content\/uploads\/2018\/01\/cortinas_de_hospitales_04-300x188.jpg 300w, https:\/\/lmbrothers.com.br\/es\/wp-content\/uploads\/2018\/01\/cortinas_de_hospitales_04-150x94.jpg 150w\" sizes=\"(max-width: 400px) 100vw, 400px\" \/><\/a><\/p>\n<h4>Cortinas para Salas de Rayo-X y Vestuarios<\/h4>\n<p style=\"text-align: left;\">Sustituye el uso de biombo, ofreciendo m\u00e1s privacidad al paciente, con la menor ocupaci\u00f3n del espacio en la sala de rayo-x.<\/p>\n<\/div>\n<\/div><\/div><\/div><div id=\"panel-10-1-3-1\" class=\"so-panel widget widget_sow-editor panel-last-child\" data-index=\"8\" ><div\n\t\t\t\n\t\t\tclass=\"so-widget-sow-editor so-widget-sow-editor-base\"\n\t\t\t\n\t\t>\n<div class=\"siteorigin-widget-tinymce textwidget\">\n\t<p style=\"text-align: left;\"><a class=\"hvr-bounce-to-right\" href=\"http:\/\/lmbrothers.com.br\/es\/cortinas-de-hospital\/cortinas-para-salas-de-rayo-x-y-vestuarios\/\">sabe m\u00e1s<\/a><\/p>\n<\/div>\n<\/div><\/div><\/div><\/div><\/div>","protected":false},"excerpt":{"rendered":"<p>Cortinas de Hospitales Cortina de partici\u00f3n de cama hospitalaria Se confeccionan sin enmiendas, con tratamiento antibacteriano y antif\u00fangico que inhiben el desarrollo de hongos y bacterias. sabe m\u00e1s Cortina para ba\u00f1o de hospital Desarrolladas para garantizar total privacidad, est\u00e9tica y durabilidad en un ambiente de alta humedad y rotaci\u00f3n de\u2026<\/p>\n<p> <a class=\"continue-reading-link\" href=\"https:\/\/lmbrothers.com.br\/es\/cortinas-de-hospitales\/\"><span>Continue reading<\/span><i class=\"crycon-right-dir\"><\/i><\/a> <\/p>\n","protected":false},"author":1,"featured_media":0,"parent":0,"menu_order":0,"comment_status":"closed","ping_status":"closed","template":"","meta":{"footnotes":""},"_links":{"self":[{"href":"https:\/\/lmbrothers.com.br\/es\/wp-json\/wp\/v2\/pages\/10"}],"collection":[{"href":"https:\/\/lmbrothers.com.br\/es\/wp-json\/wp\/v2\/pages"}],"about":[{"href":"https:\/\/lmbrothers.com.br\/es\/wp-json\/wp\/v2\/types\/page"}],"author":[{"embeddable":true,"href":"https:\/\/lmbrothers.com.br\/es\/wp-json\/wp\/v2\/users\/1"}],"replies":[{"embeddable":true,"href":"https:\/\/lmbrothers.com.br\/es\/wp-json\/wp\/v2\/comments?post=10"}],"version-history":[{"count":3,"href":"https:\/\/lmbrothers.com.br\/es\/wp-json\/wp\/v2\/pages\/10\/revisions"}],"predecessor-version":[{"id":689,"href":"https:\/\/lmbrothers.com.br\/es\/wp-json\/wp\/v2\/pages\/10\/revisions\/689"}],"wp:attachment":[{"href":"https:\/\/lmbrothers.com.br\/es\/wp-json\/wp\/v2\/media?parent=10"}],"curies":[{"name":"wp","href":"https:\/\/api.w.org\/{rel}","templated":true}]}}