{"id":110,"date":"2016-03-10T11:58:06","date_gmt":"2016-03-10T11:58:06","guid":{"rendered":"http:\/\/lmbrothers.com.br\/site\/?page_id=110"},"modified":"2018-01-08T02:39:09","modified_gmt":"2018-01-08T02:39:09","slug":"cortinas-de-particion-de-cama-hospitalaria","status":"publish","type":"page","link":"https:\/\/lmbrothers.com.br\/es\/cortinas-de-hospitales\/cortinas-de-particion-de-cama-hospitalaria\/","title":{"rendered":"Cortinas de partici\u00f3n de cama hospitalaria"},"content":{"rendered":"<div id=\"pl-110\"  class=\"panel-layout\" ><div id=\"pg-110-0\"  class=\"panel-grid panel-no-style\" ><div id=\"pgc-110-0-0\"  class=\"panel-grid-cell\" ><div id=\"panel-110-0-0-0\" class=\"so-panel widget widget_sow-editor panel-first-child panel-last-child\" data-index=\"0\" ><div class=\"panel-widget-style panel-widget-style-for-110-0-0-0\" ><div\n\t\t\t\n\t\t\tclass=\"so-widget-sow-editor so-widget-sow-editor-base\"\n\t\t\t\n\t\t>\n<div class=\"siteorigin-widget-tinymce textwidget\">\n\t<h1 class=\"titulo\" style=\"margin: 0px; text-align: left;\">Cortinas de partici\u00f3n de cama hospitalaria<\/h1>\n<h5 style=\"margin: 0px; text-align: left;\">En vinilo (PVC) o tejido (Poli\u00e9ster)<\/h5>\n<\/div>\n<\/div><\/div><\/div><\/div><\/div><div id=\"pg-110-1\"  class=\"panel-grid panel-no-style\" ><div id=\"pgc-110-1-0\"  class=\"panel-grid-cell\" ><div id=\"panel-110-1-0-0\" class=\"so-panel widget widget_black-studio-tinymce widget_black_studio_tinymce panel-first-child panel-last-child\" data-index=\"1\" ><div class=\"textwidget\"><p><img loading=\"lazy\" decoding=\"async\" class=\"aligncenter size-full wp-image-690\" src=\"http:\/\/lmbrothers.com.br\/es\/wp-content\/uploads\/2018\/01\/particion_de_cama_hospitalaria_01.jpg\" alt=\"\" width=\"400\" height=\"336\" data-id=\"690\" srcset=\"https:\/\/lmbrothers.com.br\/es\/wp-content\/uploads\/2018\/01\/particion_de_cama_hospitalaria_01.jpg 400w, https:\/\/lmbrothers.com.br\/es\/wp-content\/uploads\/2018\/01\/particion_de_cama_hospitalaria_01-300x252.jpg 300w, https:\/\/lmbrothers.com.br\/es\/wp-content\/uploads\/2018\/01\/particion_de_cama_hospitalaria_01-150x126.jpg 150w\" sizes=\"(max-width: 400px) 100vw, 400px\" \/><\/p>\n<\/div><\/div><\/div><div id=\"pgc-110-1-1\"  class=\"panel-grid-cell\" ><div id=\"panel-110-1-1-0\" class=\"so-panel widget widget_black-studio-tinymce widget_black_studio_tinymce panel-first-child panel-last-child\" data-index=\"2\" ><div class=\"textwidget\"><p><img loading=\"lazy\" decoding=\"async\" class=\"aligncenter size-full wp-image-691\" src=\"http:\/\/lmbrothers.com.br\/es\/wp-content\/uploads\/2018\/01\/particion_de_cama_hospitalaria_02.jpg\" alt=\"\" width=\"400\" height=\"336\" data-id=\"691\" srcset=\"https:\/\/lmbrothers.com.br\/es\/wp-content\/uploads\/2018\/01\/particion_de_cama_hospitalaria_02.jpg 400w, https:\/\/lmbrothers.com.br\/es\/wp-content\/uploads\/2018\/01\/particion_de_cama_hospitalaria_02-300x252.jpg 300w, https:\/\/lmbrothers.com.br\/es\/wp-content\/uploads\/2018\/01\/particion_de_cama_hospitalaria_02-150x126.jpg 150w\" sizes=\"(max-width: 400px) 100vw, 400px\" \/><\/p>\n<\/div><\/div><\/div><div id=\"pgc-110-1-2\"  class=\"panel-grid-cell\" ><div id=\"panel-110-1-2-0\" class=\"so-panel widget widget_black-studio-tinymce widget_black_studio_tinymce panel-first-child panel-last-child\" data-index=\"3\" ><div class=\"textwidget\"><p><img loading=\"lazy\" decoding=\"async\" class=\"aligncenter size-full wp-image-692\" src=\"http:\/\/lmbrothers.com.br\/es\/wp-content\/uploads\/2018\/01\/particion_de_cama_hospitalaria_03.jpg\" alt=\"\" width=\"400\" height=\"336\" data-id=\"692\" srcset=\"https:\/\/lmbrothers.com.br\/es\/wp-content\/uploads\/2018\/01\/particion_de_cama_hospitalaria_03.jpg 400w, https:\/\/lmbrothers.com.br\/es\/wp-content\/uploads\/2018\/01\/particion_de_cama_hospitalaria_03-300x252.jpg 300w, https:\/\/lmbrothers.com.br\/es\/wp-content\/uploads\/2018\/01\/particion_de_cama_hospitalaria_03-150x126.jpg 150w\" sizes=\"(max-width: 400px) 100vw, 400px\" \/><\/p>\n<\/div><\/div><\/div><\/div><div id=\"pg-110-2\"  class=\"panel-grid panel-no-style\" ><div id=\"pgc-110-2-0\"  class=\"panel-grid-cell\" ><div id=\"panel-110-2-0-0\" class=\"so-panel widget widget_sow-editor panel-first-child panel-last-child\" data-index=\"4\" ><div\n\t\t\t\n\t\t\tclass=\"so-widget-sow-editor so-widget-sow-editor-base\"\n\t\t\t\n\t\t>\n<div class=\"siteorigin-widget-tinymce textwidget\">\n\t<p style=\"text-align: left;\"><strong style=\"color: #1c5083;\">M\u00c1S PROTECCI\u00d3N CONTRA INFECCI\u00d3N<br \/>\n<\/strong>Cortinas el 100% antibacterianas y antif\u00fangicas. Laudos t\u00e9cnicos reconocidos mundialmente que comprueban la no proliferaci\u00f3n de hongos y bacterias.<\/p>\n<p style=\"text-align: left;\"><strong style=\"color: #1c5083;\">M\u00c1S HIGI\u00c9NICO<br \/>\n<\/strong>Cortinas en vinilo (PVC antimicrobiano) con superficie doble lisa, sin porosidad o textura, que facilitan la higienizaci\u00f3n;<br \/>Cortinas en tejido (Poli\u00e9ster antimicrobiano) adecuadas para procesos de lavander\u00eda.<br \/>Opci\u00f3n de cortina en PVC con malla superior IMPERMEABLE. No absorbe agua, secreciones y polvo, puede higienizarlas el 100% en el local. \u00a1Cons\u00faltanos!<\/p>\n<p style=\"text-align: left;\"><strong style=\"color: #1c5083;\">M\u00c1S SEGURA<\/strong><br \/>\nCortinas el 100% retardante de llamas.<\/p>\n<\/div>\n<\/div><\/div><\/div><div id=\"pgc-110-2-1\"  class=\"panel-grid-cell\" ><div id=\"panel-110-2-1-0\" class=\"so-panel widget widget_sow-editor panel-first-child panel-last-child\" data-index=\"5\" ><div\n\t\t\t\n\t\t\tclass=\"so-widget-sow-editor so-widget-sow-editor-base\"\n\t\t\t\n\t\t>\n<div class=\"siteorigin-widget-tinymce textwidget\">\n\t<p style=\"text-align: left;\"><strong style=\"color: #1c5083;\">M\u00c1S RESISTENTE<\/strong><br \/>\nCortinas 2,5 veces m\u00e1s resistentes que otras opciones del mercado;<br \/>\nCortinas con tecnolog\u00eda para alta resistencia al rompimiento de las fibras y anti-rasgones;<br \/>\nMalla colmena superior, triplamente reforzadas en los bordes superiores y laterales;<br \/>\nConfeccionadas con hilos sint\u00e9ticos 10 veces m\u00e1s resistentes que hilos convencionales;<br \/>\nBies de refuerzo (opcional) en toda la lateral de la cortina (acabado opcional)<\/p>\n<div style=\" padding:12px; border:1px solid #c7c7c7; background:#efefef;\">\n<p style=\"text-align: left;\"><strong style=\"color: #1c5083;\">CORTINAS PEDI\u00c1TRICAS<\/strong><br \/>\nCons\u00faltanos para conocer las opciones de cortinas para \u00e1reas pedi\u00e1tricas<\/p>\n<\/div>\n<\/div>\n<\/div><\/div><\/div><\/div><\/div>","protected":false},"excerpt":{"rendered":"<p>Cortinas de partici\u00f3n de cama hospitalaria En vinilo (PVC) o tejido (Poli\u00e9ster)<\/p>\n<p> <a class=\"continue-reading-link\" href=\"https:\/\/lmbrothers.com.br\/es\/cortinas-de-hospitales\/cortinas-de-particion-de-cama-hospitalaria\/\"><span>Continue reading<\/span><i class=\"crycon-right-dir\"><\/i><\/a> <\/p>\n","protected":false},"author":1,"featured_media":0,"parent":10,"menu_order":0,"comment_status":"closed","ping_status":"closed","template":"","meta":{"footnotes":""},"_links":{"self":[{"href":"https:\/\/lmbrothers.com.br\/es\/wp-json\/wp\/v2\/pages\/110"}],"collection":[{"href":"https:\/\/lmbrothers.com.br\/es\/wp-json\/wp\/v2\/pages"}],"about":[{"href":"https:\/\/lmbrothers.com.br\/es\/wp-json\/wp\/v2\/types\/page"}],"author":[{"embeddable":true,"href":"https:\/\/lmbrothers.com.br\/es\/wp-json\/wp\/v2\/users\/1"}],"replies":[{"embeddable":true,"href":"https:\/\/lmbrothers.com.br\/es\/wp-json\/wp\/v2\/comments?post=110"}],"version-history":[{"count":2,"href":"https:\/\/lmbrothers.com.br\/es\/wp-json\/wp\/v2\/pages\/110\/revisions"}],"predecessor-version":[{"id":694,"href":"https:\/\/lmbrothers.com.br\/es\/wp-json\/wp\/v2\/pages\/110\/revisions\/694"}],"up":[{"embeddable":true,"href":"https:\/\/lmbrothers.com.br\/es\/wp-json\/wp\/v2\/pages\/10"}],"wp:attachment":[{"href":"https:\/\/lmbrothers.com.br\/es\/wp-json\/wp\/v2\/media?parent=110"}],"curies":[{"name":"wp","href":"https:\/\/api.w.org\/{rel}","templated":true}]}}