{"id":12,"date":"2016-03-08T16:16:07","date_gmt":"2016-03-08T16:16:07","guid":{"rendered":"http:\/\/lmbrothers.com.br\/site\/?page_id=12"},"modified":"2018-01-08T02:54:43","modified_gmt":"2018-01-08T02:54:43","slug":"protectores-de-pared","status":"publish","type":"page","link":"https:\/\/lmbrothers.com.br\/es\/protectores-de-pared\/","title":{"rendered":"Protectores de pared"},"content":{"rendered":"<div id=\"pl-12\"  class=\"panel-layout\" ><div id=\"pg-12-0\"  class=\"panel-grid panel-no-style\" ><div id=\"pgc-12-0-0\"  class=\"panel-grid-cell\" ><div id=\"panel-12-0-0-0\" class=\"so-panel widget widget_sow-editor panel-first-child panel-last-child\" data-index=\"0\" ><div class=\"panel-widget-style panel-widget-style-for-12-0-0-0\" ><div\n\t\t\t\n\t\t\tclass=\"so-widget-sow-editor so-widget-sow-editor-base\"\n\t\t\t\n\t\t>\n<div class=\"siteorigin-widget-tinymce textwidget\">\n\t<h1 class=\"titulo\" style=\"margin: 0px; text-align: left;\">Protectores de pared<\/h1>\n<\/div>\n<\/div><\/div><\/div><\/div><\/div><div id=\"pg-12-1\"  class=\"panel-grid panel-no-style\" ><div id=\"pgc-12-1-0\"  class=\"panel-grid-cell\" ><div id=\"panel-12-1-0-0\" class=\"so-panel widget widget_sow-editor panel-first-child\" data-index=\"1\" ><div class=\"panel-widget-style panel-widget-style-for-12-1-0-0\" ><div\n\t\t\t\n\t\t\tclass=\"so-widget-sow-editor so-widget-sow-editor-base\"\n\t\t\t\n\t\t>\n<div class=\"siteorigin-widget-tinymce textwidget\">\n\t<p><a href=\"http:\/\/lmbrothers.com.br\/es\/protectores-de-pared\/protectores-de-pared\/\"><img loading=\"lazy\" decoding=\"async\" class=\"aligncenter size-full wp-image-712\" src=\"http:\/\/lmbrothers.com.br\/es\/wp-content\/uploads\/2018\/01\/protectores_de_parede_01.jpg\" alt=\"\" width=\"400\" height=\"250\" data-id=\"712\" srcset=\"https:\/\/lmbrothers.com.br\/es\/wp-content\/uploads\/2018\/01\/protectores_de_parede_01.jpg 400w, https:\/\/lmbrothers.com.br\/es\/wp-content\/uploads\/2018\/01\/protectores_de_parede_01-300x188.jpg 300w, https:\/\/lmbrothers.com.br\/es\/wp-content\/uploads\/2018\/01\/protectores_de_parede_01-150x94.jpg 150w\" sizes=\"(max-width: 400px) 100vw, 400px\" \/><\/a><\/p>\n<h4>Protector de pared<\/h4>\n<p style=\"text-align: left;\">Sistema protector de paredes para resistencia de alto impacto. Ideal para \u00e1reas de gran circulaci\u00f3n en hospitales, cl\u00ednicas, industrias y laboratorios.<\/p>\n<\/div>\n<\/div><\/div><\/div><div id=\"panel-12-1-0-1\" class=\"so-panel widget widget_sow-editor panel-last-child\" data-index=\"2\" ><div\n\t\t\t\n\t\t\tclass=\"so-widget-sow-editor so-widget-sow-editor-base\"\n\t\t\t\n\t\t>\n<div class=\"siteorigin-widget-tinymce textwidget\">\n\t<p style=\"text-align: left;\"><a class=\"hvr-bounce-to-right\" href=\"http:\/\/lmbrothers.com.br\/es\/protectores-de-pared\/protectores-de-pared\/\">sabe m\u00e1s<\/a><\/p>\n<\/div>\n<\/div><\/div><\/div><div id=\"pgc-12-1-1\"  class=\"panel-grid-cell\" ><div id=\"panel-12-1-1-0\" class=\"so-panel widget widget_sow-editor panel-first-child\" data-index=\"3\" ><div class=\"panel-widget-style panel-widget-style-for-12-1-1-0\" ><div\n\t\t\t\n\t\t\tclass=\"so-widget-sow-editor so-widget-sow-editor-base\"\n\t\t\t\n\t\t>\n<div class=\"siteorigin-widget-tinymce textwidget\">\n\t<p><a href=\"http:\/\/lmbrothers.com.br\/es\/protectores-de-pared\/pasamanoprotectores\/\"><img loading=\"lazy\" decoding=\"async\" class=\"aligncenter size-full wp-image-713\" src=\"http:\/\/lmbrothers.com.br\/es\/wp-content\/uploads\/2018\/01\/protectores_de_parede_02.jpg\" alt=\"\" width=\"400\" height=\"250\" data-id=\"713\" srcset=\"https:\/\/lmbrothers.com.br\/es\/wp-content\/uploads\/2018\/01\/protectores_de_parede_02.jpg 400w, https:\/\/lmbrothers.com.br\/es\/wp-content\/uploads\/2018\/01\/protectores_de_parede_02-300x188.jpg 300w, https:\/\/lmbrothers.com.br\/es\/wp-content\/uploads\/2018\/01\/protectores_de_parede_02-150x94.jpg 150w\" sizes=\"(max-width: 400px) 100vw, 400px\" \/><\/a><\/p>\n<h4>Pasamano<\/h4>\n<p style=\"text-align: left;\">Sistema de apoyo a las manos para la circulaci\u00f3n de los pacientes y protecci\u00f3n de paredes. El producto atiende las normativas de la ANVISA en cuanto a la protecci\u00f3n, higiene y arquitectura hospitalaria.<\/p>\n<\/div>\n<\/div><\/div><\/div><div id=\"panel-12-1-1-1\" class=\"so-panel widget widget_sow-editor panel-last-child\" data-index=\"4\" ><div\n\t\t\t\n\t\t\tclass=\"so-widget-sow-editor so-widget-sow-editor-base\"\n\t\t\t\n\t\t>\n<div class=\"siteorigin-widget-tinymce textwidget\">\n\t<p style=\"text-align: left;\"><a class=\"hvr-bounce-to-right\" href=\"http:\/\/lmbrothers.com.br\/es\/protectores-de-pared\/pasamanoprotectores\/\">sabe m\u00e1s<\/a><\/p>\n<\/div>\n<\/div><\/div><\/div><div id=\"pgc-12-1-2\"  class=\"panel-grid-cell\" ><div id=\"panel-12-1-2-0\" class=\"so-panel widget widget_sow-editor panel-first-child\" data-index=\"5\" ><div class=\"panel-widget-style panel-widget-style-for-12-1-2-0\" ><div\n\t\t\t\n\t\t\tclass=\"so-widget-sow-editor so-widget-sow-editor-base\"\n\t\t\t\n\t\t>\n<div class=\"siteorigin-widget-tinymce textwidget\">\n\t<p><a href=\"http:\/\/lmbrothers.com.br\/es\/protectores-de-pared\/bandas-protectoras-y-protectores-de-esquina\/\"><img loading=\"lazy\" decoding=\"async\" class=\"aligncenter size-full wp-image-714\" src=\"http:\/\/lmbrothers.com.br\/es\/wp-content\/uploads\/2018\/01\/protectores_de_parede_03.jpg\" alt=\"\" width=\"400\" height=\"250\" data-id=\"714\" srcset=\"https:\/\/lmbrothers.com.br\/es\/wp-content\/uploads\/2018\/01\/protectores_de_parede_03.jpg 400w, https:\/\/lmbrothers.com.br\/es\/wp-content\/uploads\/2018\/01\/protectores_de_parede_03-300x188.jpg 300w, https:\/\/lmbrothers.com.br\/es\/wp-content\/uploads\/2018\/01\/protectores_de_parede_03-150x94.jpg 150w\" sizes=\"(max-width: 400px) 100vw, 400px\" \/><\/a><\/p>\n<h4>Bandas protectoras<\/h4>\n<p style=\"text-align: left;\">Sistema de bandas protectoras de PVC, ideal para la aplicaci\u00f3n en paredes y puertas de \u00e1reas con menor circulaci\u00f3n de equipos en hospitales, cl\u00ednicas, industrias, laboratorios, etc.<\/p>\n<\/div>\n<\/div><\/div><\/div><div id=\"panel-12-1-2-1\" class=\"so-panel widget widget_sow-editor panel-last-child\" data-index=\"6\" ><div\n\t\t\t\n\t\t\tclass=\"so-widget-sow-editor so-widget-sow-editor-base\"\n\t\t\t\n\t\t>\n<div class=\"siteorigin-widget-tinymce textwidget\">\n\t<p style=\"text-align: left;\"><a class=\"hvr-bounce-to-right\" href=\"http:\/\/lmbrothers.com.br\/es\/protectores-de-pared\/bandas-protectoras-y-protectores-de-esquina\/\">sabe m\u00e1s<\/a><\/p>\n<\/div>\n<\/div><\/div><\/div><div id=\"pgc-12-1-3\"  class=\"panel-grid-cell\" ><div id=\"panel-12-1-3-0\" class=\"so-panel widget widget_sow-editor panel-first-child\" data-index=\"7\" ><div class=\"panel-widget-style panel-widget-style-for-12-1-3-0\" ><div\n\t\t\t\n\t\t\tclass=\"so-widget-sow-editor so-widget-sow-editor-base\"\n\t\t\t\n\t\t>\n<div class=\"siteorigin-widget-tinymce textwidget\">\n\t<p><a href=\"http:\/\/lmbrothers.com.br\/es\/protectores-de-pared\/panel-protector-de-paredes\/\"><img loading=\"lazy\" decoding=\"async\" class=\"aligncenter size-full wp-image-715\" src=\"http:\/\/lmbrothers.com.br\/es\/wp-content\/uploads\/2018\/01\/protectores_de_parede_04.jpg\" alt=\"\" width=\"400\" height=\"250\" data-id=\"715\" srcset=\"https:\/\/lmbrothers.com.br\/es\/wp-content\/uploads\/2018\/01\/protectores_de_parede_04.jpg 400w, https:\/\/lmbrothers.com.br\/es\/wp-content\/uploads\/2018\/01\/protectores_de_parede_04-300x188.jpg 300w, https:\/\/lmbrothers.com.br\/es\/wp-content\/uploads\/2018\/01\/protectores_de_parede_04-150x94.jpg 150w\" sizes=\"(max-width: 400px) 100vw, 400px\" \/><\/a><\/p>\n<h4>Panel protector<\/h4>\n<p style=\"text-align: left;\">Protector de paredes con 90 cent\u00edmetros de altura, protegiendo la pared contra el golpe de equipamientos, sillas, camas, camillas, regulados en diferentes alturas y posiciones.<\/p>\n<\/div>\n<\/div><\/div><\/div><div id=\"panel-12-1-3-1\" class=\"so-panel widget widget_sow-editor panel-last-child\" data-index=\"8\" ><div\n\t\t\t\n\t\t\tclass=\"so-widget-sow-editor so-widget-sow-editor-base\"\n\t\t\t\n\t\t>\n<div class=\"siteorigin-widget-tinymce textwidget\">\n\t<p style=\"text-align: left;\"><a class=\"hvr-bounce-to-right\" href=\"http:\/\/lmbrothers.com.br\/es\/protectores-de-pared\/panel-protector-de-paredes\/\">sabe m\u00e1s<\/a><\/p>\n<\/div>\n<\/div><\/div><\/div><\/div><\/div>","protected":false},"excerpt":{"rendered":"<p>Protectores de pared Protector de pared Sistema protector de paredes para resistencia de alto impacto. Ideal para \u00e1reas de gran circulaci\u00f3n en hospitales, cl\u00ednicas, industrias y laboratorios. sabe m\u00e1s Pasamano Sistema de apoyo a las manos para la circulaci\u00f3n de los pacientes y protecci\u00f3n de paredes. El producto atiende las\u2026<\/p>\n<p> <a class=\"continue-reading-link\" href=\"https:\/\/lmbrothers.com.br\/es\/protectores-de-pared\/\"><span>Continue reading<\/span><i class=\"crycon-right-dir\"><\/i><\/a> <\/p>\n","protected":false},"author":1,"featured_media":0,"parent":0,"menu_order":0,"comment_status":"closed","ping_status":"closed","template":"","meta":{"footnotes":""},"_links":{"self":[{"href":"https:\/\/lmbrothers.com.br\/es\/wp-json\/wp\/v2\/pages\/12"}],"collection":[{"href":"https:\/\/lmbrothers.com.br\/es\/wp-json\/wp\/v2\/pages"}],"about":[{"href":"https:\/\/lmbrothers.com.br\/es\/wp-json\/wp\/v2\/types\/page"}],"author":[{"embeddable":true,"href":"https:\/\/lmbrothers.com.br\/es\/wp-json\/wp\/v2\/users\/1"}],"replies":[{"embeddable":true,"href":"https:\/\/lmbrothers.com.br\/es\/wp-json\/wp\/v2\/comments?post=12"}],"version-history":[{"count":2,"href":"https:\/\/lmbrothers.com.br\/es\/wp-json\/wp\/v2\/pages\/12\/revisions"}],"predecessor-version":[{"id":717,"href":"https:\/\/lmbrothers.com.br\/es\/wp-json\/wp\/v2\/pages\/12\/revisions\/717"}],"wp:attachment":[{"href":"https:\/\/lmbrothers.com.br\/es\/wp-json\/wp\/v2\/media?parent=12"}],"curies":[{"name":"wp","href":"https:\/\/api.w.org\/{rel}","templated":true}]}}