{"id":130,"date":"2016-03-10T12:09:47","date_gmt":"2016-03-10T12:09:47","guid":{"rendered":"http:\/\/lmbrothers.com.br\/site\/?page_id=130"},"modified":"2018-01-08T02:57:25","modified_gmt":"2018-01-08T02:57:25","slug":"protectores-de-pared","status":"publish","type":"page","link":"https:\/\/lmbrothers.com.br\/es\/protectores-de-pared\/protectores-de-pared\/","title":{"rendered":"Protectores de pared"},"content":{"rendered":"<div id=\"pl-130\"  class=\"panel-layout\" ><div id=\"pg-130-0\"  class=\"panel-grid panel-no-style\" ><div id=\"pgc-130-0-0\"  class=\"panel-grid-cell\" ><div id=\"panel-130-0-0-0\" class=\"so-panel widget widget_sow-editor panel-first-child panel-last-child\" data-index=\"0\" ><div class=\"panel-widget-style panel-widget-style-for-130-0-0-0\" ><div\n\t\t\t\n\t\t\tclass=\"so-widget-sow-editor so-widget-sow-editor-base\"\n\t\t\t\n\t\t>\n<div class=\"siteorigin-widget-tinymce textwidget\">\n\t<h1 class=\"titulo\" style=\"margin: 0px; text-align: left;\">Protectores de pared<\/h1>\n<h5 style=\"margin: 0px; text-align: left;\">M\u00e1s protecci\u00f3n, higiene y dise\u00f1o<\/h5>\n<\/div>\n<\/div><\/div><\/div><\/div><\/div><div id=\"pg-130-1\"  class=\"panel-grid panel-no-style\" ><div id=\"pgc-130-1-0\"  class=\"panel-grid-cell\" ><div id=\"panel-130-1-0-0\" class=\"so-panel widget widget_black-studio-tinymce widget_black_studio_tinymce panel-first-child panel-last-child\" data-index=\"1\" ><div class=\"textwidget\"><p><img loading=\"lazy\" decoding=\"async\" class=\"aligncenter size-full wp-image-718\" src=\"http:\/\/lmbrothers.com.br\/es\/wp-content\/uploads\/2018\/01\/protetores_de_parede_01.jpg\" alt=\"\" width=\"400\" height=\"336\" data-id=\"718\" srcset=\"https:\/\/lmbrothers.com.br\/es\/wp-content\/uploads\/2018\/01\/protetores_de_parede_01.jpg 400w, https:\/\/lmbrothers.com.br\/es\/wp-content\/uploads\/2018\/01\/protetores_de_parede_01-300x252.jpg 300w, https:\/\/lmbrothers.com.br\/es\/wp-content\/uploads\/2018\/01\/protetores_de_parede_01-150x126.jpg 150w\" sizes=\"(max-width: 400px) 100vw, 400px\" \/><\/p>\n<\/div><\/div><\/div><div id=\"pgc-130-1-1\"  class=\"panel-grid-cell\" ><div id=\"panel-130-1-1-0\" class=\"so-panel widget widget_black-studio-tinymce widget_black_studio_tinymce panel-first-child panel-last-child\" data-index=\"2\" ><div class=\"textwidget\"><p><img loading=\"lazy\" decoding=\"async\" class=\"aligncenter size-full wp-image-719\" src=\"http:\/\/lmbrothers.com.br\/es\/wp-content\/uploads\/2018\/01\/protetores_de_parede_02.jpg\" alt=\"\" width=\"400\" height=\"336\" data-id=\"719\" srcset=\"https:\/\/lmbrothers.com.br\/es\/wp-content\/uploads\/2018\/01\/protetores_de_parede_02.jpg 400w, https:\/\/lmbrothers.com.br\/es\/wp-content\/uploads\/2018\/01\/protetores_de_parede_02-300x252.jpg 300w, https:\/\/lmbrothers.com.br\/es\/wp-content\/uploads\/2018\/01\/protetores_de_parede_02-150x126.jpg 150w\" sizes=\"(max-width: 400px) 100vw, 400px\" \/><\/p>\n<\/div><\/div><\/div><div id=\"pgc-130-1-2\"  class=\"panel-grid-cell\" ><div id=\"panel-130-1-2-0\" class=\"so-panel widget widget_black-studio-tinymce widget_black_studio_tinymce panel-first-child panel-last-child\" data-index=\"3\" ><div class=\"textwidget\"><p><img loading=\"lazy\" decoding=\"async\" class=\"aligncenter size-full wp-image-720\" src=\"http:\/\/lmbrothers.com.br\/es\/wp-content\/uploads\/2018\/01\/protetores_de_parede_03.jpg\" alt=\"\" width=\"400\" height=\"336\" data-id=\"720\" srcset=\"https:\/\/lmbrothers.com.br\/es\/wp-content\/uploads\/2018\/01\/protetores_de_parede_03.jpg 400w, https:\/\/lmbrothers.com.br\/es\/wp-content\/uploads\/2018\/01\/protetores_de_parede_03-300x252.jpg 300w, https:\/\/lmbrothers.com.br\/es\/wp-content\/uploads\/2018\/01\/protetores_de_parede_03-150x126.jpg 150w\" sizes=\"(max-width: 400px) 100vw, 400px\" \/><\/p>\n<\/div><\/div><\/div><\/div><div id=\"pg-130-2\"  class=\"panel-grid panel-no-style\" ><div id=\"pgc-130-2-0\"  class=\"panel-grid-cell\" ><div id=\"panel-130-2-0-0\" class=\"so-panel widget widget_sow-editor panel-first-child panel-last-child\" data-index=\"4\" ><div\n\t\t\t\n\t\t\tclass=\"so-widget-sow-editor so-widget-sow-editor-base\"\n\t\t\t\n\t\t>\n<div class=\"siteorigin-widget-tinymce textwidget\">\n\t<p style=\"text-align: left;\"><strong style=\"color: #1c5083;\">INSTALACI\u00d3N SIN PROBLEMAS:<br \/>\n<\/strong>LM brothers posee equipo propio de instaladores y asistencia al cliente que garantiza una perfecta instalaci\u00f3n.<\/p>\n<p style=\"text-align: left;\"><strong style=\"color: #1c5083;\">M\u00c1S RESISTENTE:<br \/>\n<\/strong>M\u00e1s resistencia contra quiebra, debido a su conjunto de amortiguaci\u00f3n interna para absorci\u00f3n de impactos.<\/p>\n<p style=\"text-align: left;\"><strong style=\"color: #1c5083;\">M\u00c1S PROTECCI\u00d3N:<\/strong><br \/>\nM\u00e1s \u00e1rea de cobertura (20,3 cm) protegiendo contra impactos de equipos con diversas alturas.<\/p>\n<\/div>\n<\/div><\/div><\/div><div id=\"pgc-130-2-1\"  class=\"panel-grid-cell\" ><div id=\"panel-130-2-1-0\" class=\"so-panel widget widget_sow-editor panel-first-child panel-last-child\" data-index=\"5\" ><div\n\t\t\t\n\t\t\tclass=\"so-widget-sow-editor so-widget-sow-editor-base\"\n\t\t\t\n\t\t>\n<div class=\"siteorigin-widget-tinymce textwidget\">\n\t<p style=\"text-align: left;\"><strong style=\"color: #1c5083;\">M\u00c1S SEGURO:<\/strong><br \/>\nSistema en PVC at\u00f3xico, ligero y no propagador de llamas<\/p>\n<p style=\"text-align: left;\"><strong style=\"color: #1c5083;\">M\u00c1S DURABLE:<\/strong><br \/>\nDise\u00f1o innovador, con opci\u00f3n de microfrisos horizontales que minimizan la apariencia de rayas y mantienen el aspecto de \u201cnuevo\u201d por m\u00e1s tiempo.<\/p>\n<div style=\"padding: 12px; border: 1px solid #c7c7c7; background: #efefef;\">\n<p style=\"text-align: left; margin: 0;\"><a href=\"http:\/\/lmbrothers.com.br\/es\/habla-con-nosotros\/\">Consulta nuestro equipo de ventas<br \/>\n<\/a><\/p>\n<\/div>\n<\/div>\n<\/div><\/div><\/div><\/div><\/div>","protected":false},"excerpt":{"rendered":"<p>Protectores de pared M\u00e1s protecci\u00f3n, higiene y dise\u00f1o<\/p>\n<p> <a class=\"continue-reading-link\" href=\"https:\/\/lmbrothers.com.br\/es\/protectores-de-pared\/protectores-de-pared\/\"><span>Continue reading<\/span><i class=\"crycon-right-dir\"><\/i><\/a> <\/p>\n","protected":false},"author":1,"featured_media":0,"parent":12,"menu_order":0,"comment_status":"closed","ping_status":"closed","template":"","meta":{"footnotes":""},"_links":{"self":[{"href":"https:\/\/lmbrothers.com.br\/es\/wp-json\/wp\/v2\/pages\/130"}],"collection":[{"href":"https:\/\/lmbrothers.com.br\/es\/wp-json\/wp\/v2\/pages"}],"about":[{"href":"https:\/\/lmbrothers.com.br\/es\/wp-json\/wp\/v2\/types\/page"}],"author":[{"embeddable":true,"href":"https:\/\/lmbrothers.com.br\/es\/wp-json\/wp\/v2\/users\/1"}],"replies":[{"embeddable":true,"href":"https:\/\/lmbrothers.com.br\/es\/wp-json\/wp\/v2\/comments?post=130"}],"version-history":[{"count":2,"href":"https:\/\/lmbrothers.com.br\/es\/wp-json\/wp\/v2\/pages\/130\/revisions"}],"predecessor-version":[{"id":722,"href":"https:\/\/lmbrothers.com.br\/es\/wp-json\/wp\/v2\/pages\/130\/revisions\/722"}],"up":[{"embeddable":true,"href":"https:\/\/lmbrothers.com.br\/es\/wp-json\/wp\/v2\/pages\/12"}],"wp:attachment":[{"href":"https:\/\/lmbrothers.com.br\/es\/wp-json\/wp\/v2\/media?parent=130"}],"curies":[{"name":"wp","href":"https:\/\/api.w.org\/{rel}","templated":true}]}}