{"id":134,"date":"2016-03-10T12:10:29","date_gmt":"2016-03-10T12:10:29","guid":{"rendered":"http:\/\/lmbrothers.com.br\/site\/?page_id=134"},"modified":"2018-01-08T03:01:50","modified_gmt":"2018-01-08T03:01:50","slug":"bandas-protectoras-y-protectores-de-esquina","status":"publish","type":"page","link":"https:\/\/lmbrothers.com.br\/es\/protectores-de-pared\/bandas-protectoras-y-protectores-de-esquina\/","title":{"rendered":"Bandas protectoras y protectores de esquina"},"content":{"rendered":"<div id=\"pl-134\"  class=\"panel-layout\" ><div id=\"pg-134-0\"  class=\"panel-grid panel-no-style\" ><div id=\"pgc-134-0-0\"  class=\"panel-grid-cell\" ><div id=\"panel-134-0-0-0\" class=\"so-panel widget widget_sow-editor panel-first-child panel-last-child\" data-index=\"0\" ><div class=\"panel-widget-style panel-widget-style-for-134-0-0-0\" ><div\n\t\t\t\n\t\t\tclass=\"so-widget-sow-editor so-widget-sow-editor-base\"\n\t\t\t\n\t\t>\n<div class=\"siteorigin-widget-tinymce textwidget\">\n\t<h1 class=\"titulo\" style=\"margin: 0px; text-align: left;\">Bandas protectoras y protectores de esquina<\/h1>\n<h5 style=\"margin: 0px; text-align: left;\">M\u00e1s protecci\u00f3n, higiene y dise\u00f1o<\/h5>\n<\/div>\n<\/div><\/div><\/div><\/div><\/div><div id=\"pg-134-1\"  class=\"panel-grid panel-no-style\" ><div id=\"pgc-134-1-0\"  class=\"panel-grid-cell\" ><div id=\"panel-134-1-0-0\" class=\"so-panel widget widget_black-studio-tinymce widget_black_studio_tinymce panel-first-child panel-last-child\" data-index=\"1\" ><div class=\"textwidget\"><p><img loading=\"lazy\" decoding=\"async\" class=\"aligncenter size-full wp-image-728\" src=\"http:\/\/lmbrothers.com.br\/es\/wp-content\/uploads\/2018\/01\/bandas_protectoras_01.jpg\" alt=\"\" width=\"400\" height=\"336\" data-id=\"728\" srcset=\"https:\/\/lmbrothers.com.br\/es\/wp-content\/uploads\/2018\/01\/bandas_protectoras_01.jpg 400w, https:\/\/lmbrothers.com.br\/es\/wp-content\/uploads\/2018\/01\/bandas_protectoras_01-300x252.jpg 300w, https:\/\/lmbrothers.com.br\/es\/wp-content\/uploads\/2018\/01\/bandas_protectoras_01-150x126.jpg 150w\" sizes=\"(max-width: 400px) 100vw, 400px\" \/><\/p>\n<\/div><\/div><\/div><div id=\"pgc-134-1-1\"  class=\"panel-grid-cell\" ><div id=\"panel-134-1-1-0\" class=\"so-panel widget widget_black-studio-tinymce widget_black_studio_tinymce panel-first-child panel-last-child\" data-index=\"2\" ><div class=\"textwidget\"><p><img loading=\"lazy\" decoding=\"async\" class=\"aligncenter size-full wp-image-729\" src=\"http:\/\/lmbrothers.com.br\/es\/wp-content\/uploads\/2018\/01\/bandas_protectoras_02.jpg\" alt=\"\" width=\"400\" height=\"336\" data-id=\"729\" srcset=\"https:\/\/lmbrothers.com.br\/es\/wp-content\/uploads\/2018\/01\/bandas_protectoras_02.jpg 400w, https:\/\/lmbrothers.com.br\/es\/wp-content\/uploads\/2018\/01\/bandas_protectoras_02-300x252.jpg 300w, https:\/\/lmbrothers.com.br\/es\/wp-content\/uploads\/2018\/01\/bandas_protectoras_02-150x126.jpg 150w\" sizes=\"(max-width: 400px) 100vw, 400px\" \/><\/p>\n<\/div><\/div><\/div><div id=\"pgc-134-1-2\"  class=\"panel-grid-cell\" ><div id=\"panel-134-1-2-0\" class=\"so-panel widget widget_black-studio-tinymce widget_black_studio_tinymce panel-first-child panel-last-child\" data-index=\"3\" ><div class=\"textwidget\"><p><img loading=\"lazy\" decoding=\"async\" class=\"aligncenter size-full wp-image-730\" src=\"http:\/\/lmbrothers.com.br\/es\/wp-content\/uploads\/2018\/01\/bandas_protectoras_03.jpg\" alt=\"\" width=\"400\" height=\"336\" data-id=\"730\" srcset=\"https:\/\/lmbrothers.com.br\/es\/wp-content\/uploads\/2018\/01\/bandas_protectoras_03.jpg 400w, https:\/\/lmbrothers.com.br\/es\/wp-content\/uploads\/2018\/01\/bandas_protectoras_03-300x252.jpg 300w, https:\/\/lmbrothers.com.br\/es\/wp-content\/uploads\/2018\/01\/bandas_protectoras_03-150x126.jpg 150w\" sizes=\"(max-width: 400px) 100vw, 400px\" \/><\/p>\n<\/div><\/div><\/div><\/div><div id=\"pg-134-2\"  class=\"panel-grid panel-no-style\" ><div id=\"pgc-134-2-0\"  class=\"panel-grid-cell\" ><div id=\"panel-134-2-0-0\" class=\"so-panel widget widget_sow-editor panel-first-child panel-last-child\" data-index=\"4\" ><div\n\t\t\t\n\t\t\tclass=\"so-widget-sow-editor so-widget-sow-editor-base\"\n\t\t\t\n\t\t>\n<div class=\"siteorigin-widget-tinymce textwidget\">\n\t<p style=\"text-align: left;\"><strong style=\"color: #1c5083;\">M\u00c1S PROTECCI\u00d3N:<br \/>\n<\/strong>Mayor \u00e1rea de cobertura, protegiendo las paredes contra impactos de diversos equipamientos, con alturas distintas.<\/p>\n<p style=\"text-align: left;\"><strong style=\"color: #1c5083;\">M\u00c1S SEGURO:<br \/>\n<\/strong>Sistema en PVC at\u00f3xico, ligera y no propagador de llamas.<\/p>\n<p style=\"text-align: left;\"><strong style=\"color: #1c5083;\">M\u00c1S HIGIENICA:<\/strong><br \/>\nAntif\u00fangica, lavable y de f\u00e1cil higienizaci\u00f3n.<\/p>\n<\/div>\n<\/div><\/div><\/div><div id=\"pgc-134-2-1\"  class=\"panel-grid-cell\" ><div id=\"panel-134-2-1-0\" class=\"so-panel widget widget_sow-editor panel-first-child panel-last-child\" data-index=\"5\" ><div\n\t\t\t\n\t\t\tclass=\"so-widget-sow-editor so-widget-sow-editor-base\"\n\t\t\t\n\t\t>\n<div class=\"siteorigin-widget-tinymce textwidget\">\n\t<p style=\"text-align: left; color:#1c5082;\">Protectores de esquina con alas de hasta 5 cm de anchura y piezas con longitud personalizadas (1,20 hasta 2,70 metros). Protector de esquinas de alta resistencia para uso en cl\u00ednicas, hospitales, etc. Producto de f\u00e1cil aplicaci\u00f3n con diferentes tama\u00f1os y medidas.<\/p>\n<div style=\" padding:12px; border:1px solid #c7c7c7; background:#efefef;\">\n<p style=\"text-align: left; margin:0;\">\n<a href=\"http:\/\/lmbrothers.com.br\/es\/habla-con-nosotros\/\">Consulta nuestro equipo de ventas<\/a><\/p>\n<\/div>\n<\/div>\n<\/div><\/div><\/div><\/div><\/div>","protected":false},"excerpt":{"rendered":"<p>Bandas protectoras y protectores de esquina M\u00e1s protecci\u00f3n, higiene y dise\u00f1o<\/p>\n<p> <a class=\"continue-reading-link\" href=\"https:\/\/lmbrothers.com.br\/es\/protectores-de-pared\/bandas-protectoras-y-protectores-de-esquina\/\"><span>Continue reading<\/span><i class=\"crycon-right-dir\"><\/i><\/a> <\/p>\n","protected":false},"author":1,"featured_media":0,"parent":12,"menu_order":0,"comment_status":"closed","ping_status":"closed","template":"","meta":{"footnotes":""},"_links":{"self":[{"href":"https:\/\/lmbrothers.com.br\/es\/wp-json\/wp\/v2\/pages\/134"}],"collection":[{"href":"https:\/\/lmbrothers.com.br\/es\/wp-json\/wp\/v2\/pages"}],"about":[{"href":"https:\/\/lmbrothers.com.br\/es\/wp-json\/wp\/v2\/types\/page"}],"author":[{"embeddable":true,"href":"https:\/\/lmbrothers.com.br\/es\/wp-json\/wp\/v2\/users\/1"}],"replies":[{"embeddable":true,"href":"https:\/\/lmbrothers.com.br\/es\/wp-json\/wp\/v2\/comments?post=134"}],"version-history":[{"count":2,"href":"https:\/\/lmbrothers.com.br\/es\/wp-json\/wp\/v2\/pages\/134\/revisions"}],"predecessor-version":[{"id":732,"href":"https:\/\/lmbrothers.com.br\/es\/wp-json\/wp\/v2\/pages\/134\/revisions\/732"}],"up":[{"embeddable":true,"href":"https:\/\/lmbrothers.com.br\/es\/wp-json\/wp\/v2\/pages\/12"}],"wp:attachment":[{"href":"https:\/\/lmbrothers.com.br\/es\/wp-json\/wp\/v2\/media?parent=134"}],"curies":[{"name":"wp","href":"https:\/\/api.w.org\/{rel}","templated":true}]}}