{"id":5,"date":"2016-03-08T14:51:32","date_gmt":"2016-03-08T14:51:32","guid":{"rendered":"http:\/\/lmbrothers.com.br\/site\/?page_id=5"},"modified":"2025-06-11T19:35:43","modified_gmt":"2025-06-11T19:35:43","slug":"home","status":"publish","type":"page","link":"https:\/\/lmbrothers.com.br\/es\/","title":{"rendered":"Home"},"content":{"rendered":"<div id=\"pl-5\"  class=\"panel-layout\" ><div id=\"pg-5-0\"  class=\"panel-grid panel-no-style\" ><div id=\"pgc-5-0-0\"  class=\"panel-grid-cell\" ><div id=\"panel-5-0-0-0\" class=\"so-panel widget widget_text panel-first-child panel-last-child\" data-index=\"0\" >\t\t\t<div class=\"textwidget\">\n<\/div>\n\t\t<\/div><\/div><\/div><div id=\"pg-5-1\"  class=\"panel-grid panel-no-style\" ><div id=\"pgc-5-1-0\"  class=\"panel-grid-cell panel-grid-cell-empty\" ><\/div><div id=\"pgc-5-1-1\"  class=\"panel-grid-cell panel-grid-cell-mobile-last\" ><div id=\"panel-5-1-1-0\" class=\"so-panel widget widget_sow-editor panel-first-child panel-last-child\" data-index=\"1\" ><div\n\t\t\t\n\t\t\tclass=\"so-widget-sow-editor so-widget-sow-editor-base\"\n\t\t\t\n\t\t>\n<div class=\"siteorigin-widget-tinymce textwidget\">\n\t<h1 class=\"titulo\" style=\"margin: 0px 0px 10px; text-align: center;\">Bienvenido a LM brothers<\/h1>\n<h3 style=\"text-align: center; color: #999; font-size: 23px; margin-bottom: 15px;\">Industria con la m\u00e1xima calidad en cortinas de hospitales, protector de pared y otras soluciones para privacidad y protecci\u00f3n.<\/h3>\n<\/div>\n<\/div><\/div><\/div><div id=\"pgc-5-1-2\"  class=\"panel-grid-cell panel-grid-cell-empty\" ><\/div><\/div><div id=\"pg-5-2\"  class=\"panel-grid panel-has-style\" ><div class=\"panel-row-style panel-row-style-for-5-2\" ><div id=\"pgc-5-2-0\"  class=\"panel-grid-cell\" ><div id=\"panel-5-2-0-0\" class=\"so-panel widget widget_black-studio-tinymce widget_black_studio_tinymce panel-first-child panel-last-child\" data-index=\"2\" ><div class=\"textwidget\"><h2 style=\"text-align: center; margin: 0;  margin-bottom:15px; color: #333;\">Cortinas de Hospitales<\/h2>\n<p><a class=\"tilt\" href=\"http:\/\/lmbrothers.com.br\/es\/cortinas-de-hospitales\/\"><div tabindex=\"0\" class=\"cycloneslider cycloneslider-template-standard cycloneslider-width-responsive\" id=\"cycloneslider-cortinas-hospitalares-home-1\" style=\"max-width:588px\" > <div class=\"cycloneslider-slides cycle-slideshow\" data-cycle-allow-wrap=\"true\" data-cycle-dynamic-height=\"off\" data-cycle-auto-height=\"588:313\" data-cycle-auto-height-easing=\"null\" data-cycle-auto-height-speed=\"250\" data-cycle-delay=\"0\" data-cycle-easing=\"\" data-cycle-fx=\"fade\" data-cycle-hide-non-active=\"true\" data-cycle-log=\"false\" data-cycle-next=\"#cycloneslider-cortinas-hospitalares-home-1 .cycloneslider-next\" data-cycle-pager=\"#cycloneslider-cortinas-hospitalares-home-1 .cycloneslider-pager\" data-cycle-pause-on-hover=\"true\" data-cycle-prev=\"#cycloneslider-cortinas-hospitalares-home-1 .cycloneslider-prev\" data-cycle-slides=\"&gt; div\" data-cycle-speed=\"1000\" data-cycle-swipe=\"1\" data-cycle-tile-count=\"7\" data-cycle-tile-delay=\"100\" data-cycle-tile-vertical=\"true\" data-cycle-timeout=\"4000\" > <div class=\"cycloneslider-slide cycloneslider-slide-image\" > <img decoding=\"async\" src=\"https:\/\/lmbrothers.com.br\/es\/wp-content\/uploads\/2018\/01\/cortinas_hospitalares_01.jpg\" alt=\"\" title=\"\" \/> <\/div> <div class=\"cycloneslider-slide cycloneslider-slide-image\" > <img decoding=\"async\" src=\"https:\/\/lmbrothers.com.br\/es\/wp-content\/uploads\/2018\/01\/cortinas_hospitalares_02.jpg\" alt=\"\" title=\"\" \/> <\/div> <div class=\"cycloneslider-slide cycloneslider-slide-image\" > <img decoding=\"async\" src=\"https:\/\/lmbrothers.com.br\/es\/wp-content\/uploads\/2018\/01\/cortinas_hospitalares_03.jpg\" alt=\"\" title=\"\" \/> <\/div> <\/div> <a href=\"#\" class=\"cycloneslider-prev\"> <span class=\"arrow\"><\/span> <\/a> <a href=\"#\" class=\"cycloneslider-next\"> <span class=\"arrow\"><\/span> <\/a> <\/div><\/a><\/p>\n<p style=\"text-align: center;\">La LM brothers es especialista en la fabricaci\u00f3n de cortinas para el sector de salud (hospitales, cl\u00ednicas, ambulatorios y laboratorios). Son cortinas de vinilo o tejido, con resistencia a ruptura 2,5 veces mayor. Adem\u00e1s, poseen tratamiento anti-manchas y exclusivo antibacteriano y antic\u00f3ticos.<\/p>\n<p style=\"text-align: center;\"><a class=\"hvr-bounce-to-right\" href=\"http:\/\/lmbrothers.com.br\/es\/cortinas-de-hospitales\/\">sabe m\u00e1s<\/a><\/p>\n<\/div><\/div><\/div><div id=\"pgc-5-2-1\"  class=\"panel-grid-cell\" ><div id=\"panel-5-2-1-0\" class=\"so-panel widget widget_black-studio-tinymce widget_black_studio_tinymce panel-first-child panel-last-child\" data-index=\"3\" ><div class=\"textwidget\"><h2 style=\"text-align: center; margin: 0; margin-bottom:15px; color: #333;\">Protectores de Pared<\/h2>\n<p><a class=\"tilt\" href=\"http:\/\/lmbrothers.com.br\/es\/protectores-de-pared\/\"><div tabindex=\"0\" class=\"cycloneslider cycloneslider-template-standard cycloneslider-width-responsive\" id=\"cycloneslider-protetores-de-parede-home-2\" style=\"max-width:588px\" > <div class=\"cycloneslider-slides cycle-slideshow\" data-cycle-allow-wrap=\"true\" data-cycle-dynamic-height=\"off\" data-cycle-auto-height=\"588:311\" data-cycle-auto-height-easing=\"null\" data-cycle-auto-height-speed=\"250\" data-cycle-delay=\"0\" data-cycle-easing=\"\" data-cycle-fx=\"fade\" data-cycle-hide-non-active=\"true\" data-cycle-log=\"false\" data-cycle-next=\"#cycloneslider-protetores-de-parede-home-2 .cycloneslider-next\" data-cycle-pager=\"#cycloneslider-protetores-de-parede-home-2 .cycloneslider-pager\" data-cycle-pause-on-hover=\"true\" data-cycle-prev=\"#cycloneslider-protetores-de-parede-home-2 .cycloneslider-prev\" data-cycle-slides=\"&gt; div\" data-cycle-speed=\"1000\" data-cycle-swipe=\"1\" data-cycle-tile-count=\"7\" data-cycle-tile-delay=\"100\" data-cycle-tile-vertical=\"true\" data-cycle-timeout=\"4000\" > <div class=\"cycloneslider-slide cycloneslider-slide-image\" > <img decoding=\"async\" src=\"https:\/\/lmbrothers.com.br\/es\/wp-content\/uploads\/2018\/01\/protetor_de_parede_01-588x311.jpg\" alt=\"\" title=\"\" \/> <\/div> <div class=\"cycloneslider-slide cycloneslider-slide-image\" > <img decoding=\"async\" src=\"https:\/\/lmbrothers.com.br\/es\/wp-content\/uploads\/2018\/01\/protetor_de_parede_02-588x311.jpg\" alt=\"\" title=\"\" \/> <\/div> <div class=\"cycloneslider-slide cycloneslider-slide-image\" > <img decoding=\"async\" src=\"https:\/\/lmbrothers.com.br\/es\/wp-content\/uploads\/2018\/01\/protetor_de_parede_03-588x311.jpg\" alt=\"\" title=\"\" \/> <\/div> <div class=\"cycloneslider-slide cycloneslider-slide-image\" > <img decoding=\"async\" src=\"https:\/\/lmbrothers.com.br\/es\/wp-content\/uploads\/2018\/01\/protetor_de_parede_04-588x311.jpg\" alt=\"\" title=\"\" \/> <\/div> <\/div> <a href=\"#\" class=\"cycloneslider-prev\"> <span class=\"arrow\"><\/span> <\/a> <a href=\"#\" class=\"cycloneslider-next\"> <span class=\"arrow\"><\/span> <\/a> <\/div><\/a><\/p>\n<p style=\"text-align: center;\">La LM brothers produce soluciones para protecci\u00f3n de paredes que atienden a las necesidades en ambientes de salud (hospitales, cl\u00ednicas, laboratorios, etc.) y tambi\u00e9n en ambientes corporativos (industrias, escuelas, oficinas, etc.). Son diversos modelos para atender a todas las necesidades.<\/p>\n<p style=\"text-align: center;\"><a class=\"hvr-bounce-to-right\" href=\"http:\/\/lmbrothers.com.br\/es\/protectores-de-pared\/\">sabe m\u00e1s<br \/>\n<\/a><\/p>\n<\/div><\/div><\/div><\/div><\/div><\/div>","protected":false},"excerpt":{"rendered":"<p>Bienvenido a LM brothers Industria con la m\u00e1xima calidad en cortinas de hospitales, protector de pared y otras soluciones para privacidad y protecci\u00f3n.<\/p>\n<p> <a class=\"continue-reading-link\" href=\"https:\/\/lmbrothers.com.br\/es\/\"><span>Continue reading<\/span><i class=\"crycon-right-dir\"><\/i><\/a> <\/p>\n","protected":false},"author":1,"featured_media":0,"parent":0,"menu_order":0,"comment_status":"closed","ping_status":"closed","template":"","meta":{"footnotes":""},"_links":{"self":[{"href":"https:\/\/lmbrothers.com.br\/es\/wp-json\/wp\/v2\/pages\/5"}],"collection":[{"href":"https:\/\/lmbrothers.com.br\/es\/wp-json\/wp\/v2\/pages"}],"about":[{"href":"https:\/\/lmbrothers.com.br\/es\/wp-json\/wp\/v2\/types\/page"}],"author":[{"embeddable":true,"href":"https:\/\/lmbrothers.com.br\/es\/wp-json\/wp\/v2\/users\/1"}],"replies":[{"embeddable":true,"href":"https:\/\/lmbrothers.com.br\/es\/wp-json\/wp\/v2\/comments?post=5"}],"version-history":[{"count":3,"href":"https:\/\/lmbrothers.com.br\/es\/wp-json\/wp\/v2\/pages\/5\/revisions"}],"predecessor-version":[{"id":761,"href":"https:\/\/lmbrothers.com.br\/es\/wp-json\/wp\/v2\/pages\/5\/revisions\/761"}],"wp:attachment":[{"href":"https:\/\/lmbrothers.com.br\/es\/wp-json\/wp\/v2\/media?parent=5"}],"curies":[{"name":"wp","href":"https:\/\/api.w.org\/{rel}","templated":true}]}}