{"id":8,"date":"2016-03-08T16:14:59","date_gmt":"2016-03-08T16:14:59","guid":{"rendered":"http:\/\/lmbrothers.com.br\/site\/?page_id=8"},"modified":"2018-01-08T02:27:37","modified_gmt":"2018-01-08T02:27:37","slug":"compania","status":"publish","type":"page","link":"https:\/\/lmbrothers.com.br\/es\/compania\/","title":{"rendered":"Compa\u00f1\u00eda"},"content":{"rendered":"<div id=\"pl-8\"  class=\"panel-layout\" ><div id=\"pg-8-0\"  class=\"panel-grid panel-no-style\" ><div id=\"pgc-8-0-0\"  class=\"panel-grid-cell\" ><div id=\"panel-8-0-0-0\" class=\"so-panel widget widget_sow-editor panel-first-child panel-last-child\" data-index=\"0\" ><div class=\"panel-widget-style panel-widget-style-for-8-0-0-0\" ><div\n\t\t\t\n\t\t\tclass=\"so-widget-sow-editor so-widget-sow-editor-base\"\n\t\t\t\n\t\t>\n<div class=\"siteorigin-widget-tinymce textwidget\">\n\t<h1 class=\"titulo\" style=\"margin: 0px; text-align: left;\">Compa\u00f1\u00eda<\/h1>\n<\/div>\n<\/div><\/div><\/div><\/div><\/div><div id=\"pg-8-1\"  class=\"panel-grid panel-no-style\" ><div id=\"pgc-8-1-0\"  class=\"panel-grid-cell\" ><div id=\"panel-8-1-0-0\" class=\"so-panel widget widget_sow-editor panel-first-child panel-last-child\" data-index=\"1\" ><div\n\t\t\t\n\t\t\tclass=\"so-widget-sow-editor so-widget-sow-editor-base\"\n\t\t\t\n\t\t>\n<div class=\"siteorigin-widget-tinymce textwidget\">\n\t<h3 style=\"color: #a9cf46; font-size: 23px; margin: 0px; margin-bottom: 15px; text-align: left;\"> La LM brothers es una industria especialista en soluciones para privacidad (cortinas) y protecci\u00f3n de paredes (protectores) para el sector de salud y corporativa. <\/h3>\n<h4 style=\"text-align: left; margin-bottom:15px; color:#333;\">\u00a1Tiene el 100% de sus clientes encantados!<\/h4>\n<p style=\"text-align: left;\">L\u00edder brasile\u00f1aen calidad y presente en todo el mundo. Provee la soluci\u00f3n completa mediante una atenci\u00f3n pr\u00e1ctica y t\u00e9cnica para comprender la necesidad del cliente hasta el suministro del producto con total suporte de atenci\u00f3n al cliente o instalaci\u00f3n realizada por un equipo propio.<\/p>\n<\/div>\n<\/div><\/div><\/div><div id=\"pgc-8-1-1\"  class=\"panel-grid-cell\" ><div id=\"panel-8-1-1-0\" class=\"so-panel widget widget_sow-editor panel-first-child panel-last-child\" data-index=\"2\" ><div\n\t\t\t\n\t\t\tclass=\"so-widget-sow-editor so-widget-sow-editor-base\"\n\t\t\t\n\t\t>\n<div class=\"siteorigin-widget-tinymce textwidget\">\n\t<p><img loading=\"lazy\" decoding=\"async\" class=\"aligncenter size-full wp-image-679\" src=\"http:\/\/lmbrothers.com.br\/es\/wp-content\/uploads\/2018\/01\/banner_selo_espanhol.png\" alt=\"\" width=\"470\" height=\"441\" data-id=\"679\" srcset=\"https:\/\/lmbrothers.com.br\/es\/wp-content\/uploads\/2018\/01\/banner_selo_espanhol.png 470w, https:\/\/lmbrothers.com.br\/es\/wp-content\/uploads\/2018\/01\/banner_selo_espanhol-300x281.png 300w, https:\/\/lmbrothers.com.br\/es\/wp-content\/uploads\/2018\/01\/banner_selo_espanhol-150x141.png 150w\" sizes=\"(max-width: 470px) 100vw, 470px\" \/><\/p>\n<\/div>\n<\/div><\/div><\/div><\/div><div id=\"pg-8-2\"  class=\"panel-grid panel-no-style\" ><div id=\"pgc-8-2-0\"  class=\"panel-grid-cell\" ><div id=\"panel-8-2-0-0\" class=\"so-panel widget widget_black-studio-tinymce widget_black_studio_tinymce panel-first-child panel-last-child\" data-index=\"3\" ><div class=\"panel-widget-style panel-widget-style-for-8-2-0-0\" ><div class=\"textwidget\"><h4 style=\"text-align: left; margin:0px;\">VISI\u00d3N<\/h4>\n<p style=\"text-align: left;\">Ser reconocida como la mejor compa\u00f1\u00eda con soluciones direccionadas a la privacidad, protecci\u00f3n y confort.<\/p>\n<\/div><\/div><\/div><\/div><div id=\"pgc-8-2-1\"  class=\"panel-grid-cell\" ><div id=\"panel-8-2-1-0\" class=\"so-panel widget widget_black-studio-tinymce widget_black_studio_tinymce panel-first-child panel-last-child\" data-index=\"4\" ><div class=\"panel-widget-style panel-widget-style-for-8-2-1-0\" ><div class=\"textwidget\"><h4 style=\"text-align: left; margin:0\">MISI\u00d3N<\/h4>\n<p style=\"text-align: left;\">Ser una compa\u00f1\u00eda \u00fanica, con cultura y acciones percibidas y valoradas por sus clientes, colaboradores, proveedores y sociedad.<\/p>\n<\/div><\/div><\/div><\/div><div id=\"pgc-8-2-2\"  class=\"panel-grid-cell\" ><div id=\"panel-8-2-2-0\" class=\"so-panel widget widget_black-studio-tinymce widget_black_studio_tinymce panel-first-child panel-last-child\" data-index=\"5\" ><div class=\"panel-widget-style panel-widget-style-for-8-2-2-0\" ><div class=\"textwidget\"><h4 style=\"text-align: left; margin:0;\">VALORES<\/h4>\n<p style=\"text-align: left;\">Innovaci\u00f3n, Calidad, Practicidad y Respeto al Ser Humano y Medioambiente determinan las estrategias y acciones de LM brothers.<\/p>\n<\/div><\/div><\/div><\/div><\/div><div id=\"pg-8-3\"  class=\"panel-grid panel-no-style\" ><div id=\"pgc-8-3-0\"  class=\"panel-grid-cell\" ><div id=\"panel-8-3-0-0\" class=\"so-panel widget widget_sow-editor panel-first-child panel-last-child\" data-index=\"6\" ><div\n\t\t\t\n\t\t\tclass=\"so-widget-sow-editor so-widget-sow-editor-base\"\n\t\t\t\n\t\t>\n<div class=\"siteorigin-widget-tinymce textwidget\">\n\t<p><img loading=\"lazy\" decoding=\"async\" class=\"aligncenter size-full wp-image-680\" src=\"http:\/\/lmbrothers.com.br\/es\/wp-content\/uploads\/2018\/01\/selo_viva_la_experiencia.png\" alt=\"\" width=\"250\" height=\"273\" data-id=\"680\" srcset=\"https:\/\/lmbrothers.com.br\/es\/wp-content\/uploads\/2018\/01\/selo_viva_la_experiencia.png 250w, https:\/\/lmbrothers.com.br\/es\/wp-content\/uploads\/2018\/01\/selo_viva_la_experiencia-137x150.png 137w\" sizes=\"(max-width: 250px) 100vw, 250px\" \/><\/p>\n<h2 style=\"text-align: center;\">Cero clientes insatisfechos<\/h2>\n<\/div>\n<\/div><\/div><\/div><div id=\"pgc-8-3-1\"  class=\"panel-grid-cell\" ><div id=\"panel-8-3-1-0\" class=\"so-panel widget widget_sow-editor panel-first-child panel-last-child\" data-index=\"7\" ><div\n\t\t\t\n\t\t\tclass=\"so-widget-sow-editor so-widget-sow-editor-base\"\n\t\t\t\n\t\t>\n<div class=\"siteorigin-widget-tinymce textwidget\">\n\t<h3 style=\"text-align: left; margin:0px; margin-bottom:9px;\">Viva a la experiencia.<\/h3>\n<div id=\"skillbar_straight\" style=\"padding:10px 0;\">\n\n<div class=\"skillbar clearfix\" data-percent=\"100%\" style=\"background: #eeeeee;\">\r\n\t\t\t\t<div class=\"skillbar-title\" style=\"background: #336699;\"><span>SUMINISTRO PARA EL MUNDO TODO<\/span><\/div>\r\n\t\t\t\t<div class=\"skillbar-bar\" style=\"background: #336699;\"><\/div>\r\n\t\t\t\t<div class=\"skill-bar-percent\">100%<\/div>\r\n\t\t\t<\/div>\n\n<div class=\"skillbar clearfix\" data-percent=\"100%\" style=\"background: #eeeeee;\">\r\n\t\t\t\t<div class=\"skillbar-title\" style=\"background: #336699;\"><span>INSTALACI\u00d3N PERFECTA O SOPORTE TECNICO REALIZADA CON EQUIPOPROPIO Y CAPACITADO<\/span><\/div>\r\n\t\t\t\t<div class=\"skillbar-bar\" style=\"background: #336699;\"><\/div>\r\n\t\t\t\t<div class=\"skill-bar-percent\">100%<\/div>\r\n\t\t\t<\/div>\n\n<div class=\"skillbar clearfix\" data-percent=\"100%\" style=\"background: #eeeeee;\">\r\n\t\t\t\t<div class=\"skillbar-title\" style=\"background: #336699;\"><span>POSTVENTA Y ASISTENCIA EN TODO EL MONDO<\/span><\/div>\r\n\t\t\t\t<div class=\"skillbar-bar\" style=\"background: #336699;\"><\/div>\r\n\t\t\t\t<div class=\"skill-bar-percent\">100%<\/div>\r\n\t\t\t<\/div>\n\n<div class=\"skillbar clearfix\" data-percent=\"100%\" style=\"background: #eeeeee;\">\r\n\t\t\t\t<div class=\"skillbar-title\" style=\"background: #336699;\"><span>MENOR PLAZO DE ENTREGA<\/span><\/div>\r\n\t\t\t\t<div class=\"skillbar-bar\" style=\"background: #336699;\"><\/div>\r\n\t\t\t\t<div class=\"skill-bar-percent\">100%<\/div>\r\n\t\t\t<\/div>\n\n<div class=\"skillbar clearfix\" data-percent=\"100%\" style=\"background: #eeeeee;\">\r\n\t\t\t\t<div class=\"skillbar-title\" style=\"background: #336699;\"><span>RESPONSABLE CONEL MEDIO AMBIENTE<\/span><\/div>\r\n\t\t\t\t<div class=\"skillbar-bar\" style=\"background: #336699;\"><\/div>\r\n\t\t\t\t<div class=\"skill-bar-percent\">100%<\/div>\r\n\t\t\t<\/div>\n\n\n<div style=\"clear:both;\"><\/div>\n<\/div>\n<div style=\"clear:both; height:10px; overflow:hidden;\"><\/div>\n<style type=\"text\/css\">.skillbar-title{font-size:px;color:;}.skill-bar-percent{font-size:px;color:;}<\/style><script>\r\n\t\t\t\tfunction sbar(){\r\n\t\t\t\t\tjQuery(\".skillbar\").each(function(){\r\n\t\t\t\t\t\tjQuery(this).find(\".skillbar-bar\").animate({\r\n\t\t\t\t\t\t\twidth:jQuery(this).attr(\"data-percent\")\r\n\t\t\t\t\t\t},3000);\r\n\t\t\t\t\t});\t\r\n\t\t\t\t}\r\n\t\t\t\tif ( jQuery(\"#skillbar_straight\").next().is(\":appeared\") ){\r\n\t\t\t\t\tsbar();\r\n\t\t\t\t} else {\r\n\t\t\t\t\tjQuery( window ).scroll(function() {\r\n\t\t\t\t\t\tif ( jQuery(\"#skillbar_straight\").next().is(\":appeared\") ){\r\n\t\t\t\t\t\t\tsbar();\r\n\t\t\t\t\t\t}\r\n\t\t\t\t\t});\r\n\t\t\t\t}\r\n\t\t\t\t<\/script>\n<\/div>\n<\/div><\/div><\/div><\/div><\/div>","protected":false},"excerpt":{"rendered":"<p>Compa\u00f1\u00eda La LM brothers es una industria especialista en soluciones para privacidad (cortinas) y protecci\u00f3n de paredes (protectores) para el sector de salud y corporativa. \u00a1Tiene el 100% de sus clientes encantados! L\u00edder brasile\u00f1aen calidad y presente en todo el mundo. Provee la soluci\u00f3n completa mediante una atenci\u00f3n pr\u00e1ctica y\u2026<\/p>\n<p> <a class=\"continue-reading-link\" href=\"https:\/\/lmbrothers.com.br\/es\/compania\/\"><span>Continue reading<\/span><i class=\"crycon-right-dir\"><\/i><\/a> <\/p>\n","protected":false},"author":1,"featured_media":0,"parent":0,"menu_order":0,"comment_status":"closed","ping_status":"closed","template":"","meta":{"footnotes":""},"_links":{"self":[{"href":"https:\/\/lmbrothers.com.br\/es\/wp-json\/wp\/v2\/pages\/8"}],"collection":[{"href":"https:\/\/lmbrothers.com.br\/es\/wp-json\/wp\/v2\/pages"}],"about":[{"href":"https:\/\/lmbrothers.com.br\/es\/wp-json\/wp\/v2\/types\/page"}],"author":[{"embeddable":true,"href":"https:\/\/lmbrothers.com.br\/es\/wp-json\/wp\/v2\/users\/1"}],"replies":[{"embeddable":true,"href":"https:\/\/lmbrothers.com.br\/es\/wp-json\/wp\/v2\/comments?post=8"}],"version-history":[{"count":2,"href":"https:\/\/lmbrothers.com.br\/es\/wp-json\/wp\/v2\/pages\/8\/revisions"}],"predecessor-version":[{"id":682,"href":"https:\/\/lmbrothers.com.br\/es\/wp-json\/wp\/v2\/pages\/8\/revisions\/682"}],"wp:attachment":[{"href":"https:\/\/lmbrothers.com.br\/es\/wp-json\/wp\/v2\/media?parent=8"}],"curies":[{"name":"wp","href":"https:\/\/api.w.org\/{rel}","templated":true}]}}